{"id":840,"date":"2025-01-20T21:59:39","date_gmt":"2025-01-20T18:59:39","guid":{"rendered":"https:\/\/hititkoltuk.com\/?post_type=product&#038;p=840"},"modified":"2025-01-30T19:31:55","modified_gmt":"2025-01-30T16:31:55","slug":"2041-como-sofa-set","status":"publish","type":"product","link":"https:\/\/hititkoltuk.com\/tr\/urun\/2041-como-sofa-set\/","title":{"rendered":"2041 Como K\u00f6\u015fe Tak\u0131m\u0131"},"content":{"rendered":"","protected":false},"excerpt":{"rendered":"<table border=\"1\">\n<thead>\n<tr>\n<th>\u00dcr\u00fcn<\/th>\n<th>E (cm)<\/th>\n<th>B (cm)<\/th>\n<th>Y (cm)<\/th>\n<th>m\u00b3<\/th>\n<\/tr>\n<\/thead>\n<tbody>\n<tr>\n<td>Sol Kol Mod\u00fcl<\/td>\n<td>101<\/td>\n<td>120<\/td>\n<td>72<\/td>\n<td>0,80<\/td>\n<\/tr>\n<tr>\n<td>Ah\u015fap Mod\u00fcl<\/td>\n<td>101<\/td>\n<td>40<\/td>\n<td>40<\/td>\n<td>0,15<\/td>\n<\/tr>\n<tr>\n<td>90 CM Mod\u00fcl<\/td>\n<td>101<\/td>\n<td>92<\/td>\n<td>72<\/td>\n<td>0,60<\/td>\n<\/tr>\n<tr>\n<td>K\u00f6\u015fe Mod\u00fcl<\/td>\n<td>125<\/td>\n<td>125<\/td>\n<td>72<\/td>\n<td>1,00<\/td>\n<\/tr>\n<tr>\n<td>70 CM Mod\u00fcl<\/td>\n<td>101<\/td>\n<td>72<\/td>\n<td>72<\/td>\n<td>0,45<\/td>\n<\/tr>\n<tr>\n<td>90 CM Mod\u00fcl<\/td>\n<td>101<\/td>\n<td>92<\/td>\n<td>72<\/td>\n<td>0,60<\/td>\n<\/tr>\n<tr>\n<td>Relax Mod\u00fcl\u00fc<\/td>\n<td>165<\/td>\n<td>120<\/td>\n<td>72<\/td>\n<td>1,25<\/td>\n<\/tr>\n<tr>\n<td>Berjer<\/td>\n<td>78<\/td>\n<td>78<\/td>\n<td>78<\/td>\n<td>0,45<\/td>\n<\/tr>\n<tr>\n<td>Orta Sehpa<\/td>\n<td>100<\/td>\n<td>100<\/td>\n<td>40<\/td>\n<td>0,15<\/td>\n<\/tr>\n<\/tbody>\n<\/table>","protected":false},"featured_media":841,"template":"","meta":[],"product_cat":[15,20],"product_tag":[],"class_list":["post-840","product","type-product","status-publish","has-post-thumbnail","hentry","product_cat-sofa-set","product_cat-all"],"yoast_head":"<!-- This site is optimized with the Yoast SEO plugin v19.14 - https:\/\/yoast.com\/wordpress\/plugins\/seo\/ -->\n<title>2041 Como Corner Set - Hitit Koltuk<\/title>\n<meta name=\"robots\" content=\"index, follow, max-snippet:-1, max-image-preview:large, max-video-preview:-1\" \/>\n<link rel=\"canonical\" href=\"https:\/\/hititkoltuk.com\/tr\/urun\/2041-como-sofa-set\/\" \/>\n<meta property=\"og:locale\" content=\"tr_TR\" \/>\n<meta property=\"og:type\" content=\"article\" \/>\n<meta property=\"og:title\" content=\"2041 Como Corner Set - Hitit Koltuk\" \/>\n<meta property=\"og:description\" content=\"Product W (cm) L (cm) H (cm) m\u00b3     LEFT- ARM MODULE 101 120 72 0,80   WOODEN MODULE 101 40 40 0,15   90 CM MODULE 101 92 72 0,60   CORNER MODULE 125 125 72 1,00   70 CM MODULE 101 72 72 0,45   90 CM MODULE 101 92 72 0,60   RELAX MODULE 165 120 72 1,25   ARMCHAIR 78 78 78 0,45   COFFEE TABLE 100 100 40 0,15\" \/>\n<meta property=\"og:url\" content=\"https:\/\/hititkoltuk.com\/tr\/urun\/2041-como-sofa-set\/\" \/>\n<meta property=\"og:site_name\" content=\"Hitit Koltuk\" \/>\n<meta property=\"article:modified_time\" content=\"2025-01-30T16:31:55+00:00\" \/>\n<meta property=\"og:image\" content=\"https:\/\/hititkoltuk.com\/wp-content\/uploads\/2025\/01\/urun-como-corner4.jpg\" \/>\n\t<meta property=\"og:image:width\" content=\"1989\" \/>\n\t<meta property=\"og:image:height\" content=\"1272\" \/>\n\t<meta property=\"og:image:type\" content=\"image\/jpeg\" \/>\n<meta name=\"twitter:card\" content=\"summary_large_image\" \/>\n<script type=\"application\/ld+json\" class=\"yoast-schema-graph\">{\"@context\":\"https:\/\/schema.org\",\"@graph\":[{\"@type\":\"WebPage\",\"@id\":\"https:\/\/hititkoltuk.com\/product\/2041-como-sofa-set\/\",\"url\":\"https:\/\/hititkoltuk.com\/product\/2041-como-sofa-set\/\",\"name\":\"2041 Como Corner Set - Hitit Koltuk\",\"isPartOf\":{\"@id\":\"https:\/\/hititkoltuk.com\/#website\"},\"datePublished\":\"2025-01-20T18:59:39+00:00\",\"dateModified\":\"2025-01-30T16:31:55+00:00\",\"breadcrumb\":{\"@id\":\"https:\/\/hititkoltuk.com\/product\/2041-como-sofa-set\/#breadcrumb\"},\"inLanguage\":\"tr\",\"potentialAction\":[{\"@type\":\"ReadAction\",\"target\":[\"https:\/\/hititkoltuk.com\/product\/2041-como-sofa-set\/\"]}]},{\"@type\":\"BreadcrumbList\",\"@id\":\"https:\/\/hititkoltuk.com\/product\/2041-como-sofa-set\/#breadcrumb\",\"itemListElement\":[{\"@type\":\"ListItem\",\"position\":1,\"name\":\"Anasayfa\",\"item\":\"https:\/\/hititkoltuk.com\/\"},{\"@type\":\"ListItem\",\"position\":2,\"name\":\"Products\",\"item\":\"https:\/\/hititkoltuk.com\/products\/\"},{\"@type\":\"ListItem\",\"position\":3,\"name\":\"2041 Como Corner Set\"}]},{\"@type\":\"WebSite\",\"@id\":\"https:\/\/hititkoltuk.com\/#website\",\"url\":\"https:\/\/hititkoltuk.com\/\",\"name\":\"Hitit Koltuk\",\"description\":\"-\",\"potentialAction\":[{\"@type\":\"SearchAction\",\"target\":{\"@type\":\"EntryPoint\",\"urlTemplate\":\"https:\/\/hititkoltuk.com\/?s={search_term_string}\"},\"query-input\":\"required name=search_term_string\"}],\"inLanguage\":\"tr\"}]}<\/script>\n<!-- \/ Yoast SEO plugin. -->","yoast_head_json":{"title":"2041 Como Corner Set - Hitit Koltuk","robots":{"index":"index","follow":"follow","max-snippet":"max-snippet:-1","max-image-preview":"max-image-preview:large","max-video-preview":"max-video-preview:-1"},"canonical":"https:\/\/hititkoltuk.com\/tr\/urun\/2041-como-sofa-set\/","og_locale":"tr_TR","og_type":"article","og_title":"2041 Como Corner Set - Hitit Koltuk","og_description":"Product W (cm) L (cm) H (cm) m\u00b3     LEFT- ARM MODULE 101 120 72 0,80   WOODEN MODULE 101 40 40 0,15   90 CM MODULE 101 92 72 0,60   CORNER MODULE 125 125 72 1,00   70 CM MODULE 101 72 72 0,45   90 CM MODULE 101 92 72 0,60   RELAX MODULE 165 120 72 1,25   ARMCHAIR 78 78 78 0,45   COFFEE TABLE 100 100 40 0,15","og_url":"https:\/\/hititkoltuk.com\/tr\/urun\/2041-como-sofa-set\/","og_site_name":"Hitit Koltuk","article_modified_time":"2025-01-30T16:31:55+00:00","og_image":[{"width":1989,"height":1272,"url":"https:\/\/hititkoltuk.com\/wp-content\/uploads\/2025\/01\/urun-como-corner4.jpg","type":"image\/jpeg"}],"twitter_card":"summary_large_image","schema":{"@context":"https:\/\/schema.org","@graph":[{"@type":"WebPage","@id":"https:\/\/hititkoltuk.com\/product\/2041-como-sofa-set\/","url":"https:\/\/hititkoltuk.com\/product\/2041-como-sofa-set\/","name":"2041 Como Corner Set - Hitit Koltuk","isPartOf":{"@id":"https:\/\/hititkoltuk.com\/#website"},"datePublished":"2025-01-20T18:59:39+00:00","dateModified":"2025-01-30T16:31:55+00:00","breadcrumb":{"@id":"https:\/\/hititkoltuk.com\/product\/2041-como-sofa-set\/#breadcrumb"},"inLanguage":"tr","potentialAction":[{"@type":"ReadAction","target":["https:\/\/hititkoltuk.com\/product\/2041-como-sofa-set\/"]}]},{"@type":"BreadcrumbList","@id":"https:\/\/hititkoltuk.com\/product\/2041-como-sofa-set\/#breadcrumb","itemListElement":[{"@type":"ListItem","position":1,"name":"Anasayfa","item":"https:\/\/hititkoltuk.com\/"},{"@type":"ListItem","position":2,"name":"Products","item":"https:\/\/hititkoltuk.com\/products\/"},{"@type":"ListItem","position":3,"name":"2041 Como Corner Set"}]},{"@type":"WebSite","@id":"https:\/\/hititkoltuk.com\/#website","url":"https:\/\/hititkoltuk.com\/","name":"Hitit Koltuk","description":"-","potentialAction":[{"@type":"SearchAction","target":{"@type":"EntryPoint","urlTemplate":"https:\/\/hititkoltuk.com\/?s={search_term_string}"},"query-input":"required name=search_term_string"}],"inLanguage":"tr"}]}},"_links":{"self":[{"href":"https:\/\/hititkoltuk.com\/tr\/wp-json\/wp\/v2\/product\/840","targetHints":{"allow":["GET"]}}],"collection":[{"href":"https:\/\/hititkoltuk.com\/tr\/wp-json\/wp\/v2\/product"}],"about":[{"href":"https:\/\/hititkoltuk.com\/tr\/wp-json\/wp\/v2\/types\/product"}],"wp:featuredmedia":[{"embeddable":true,"href":"https:\/\/hititkoltuk.com\/tr\/wp-json\/wp\/v2\/media\/841"}],"wp:attachment":[{"href":"https:\/\/hititkoltuk.com\/tr\/wp-json\/wp\/v2\/media?parent=840"}],"wp:term":[{"taxonomy":"product_cat","embeddable":true,"href":"https:\/\/hititkoltuk.com\/tr\/wp-json\/wp\/v2\/product_cat?post=840"},{"taxonomy":"product_tag","embeddable":true,"href":"https:\/\/hititkoltuk.com\/tr\/wp-json\/wp\/v2\/product_tag?post=840"}],"curies":[{"name":"wp","href":"https:\/\/api.w.org\/{rel}","templated":true}]}}