{"id":1023,"date":"2026-01-20T19:50:42","date_gmt":"2026-01-20T16:50:42","guid":{"rendered":"https:\/\/hititkoltuk.com\/?post_type=product&#038;p=1023"},"modified":"2026-02-06T11:08:55","modified_gmt":"2026-02-06T08:08:55","slug":"range-corner-set","status":"publish","type":"product","link":"https:\/\/hititkoltuk.com\/tr\/urun\/range-corner-set\/","title":{"rendered":"Range K\u00f6\u015fe Tak\u0131m\u0131"},"content":{"rendered":"","protected":false},"excerpt":{"rendered":"<table border=\"1\">\n<thead>\n<tr>\n<th>Mod\u00fcl<\/th>\n<th>E (cm)<\/th>\n<th>B (cm)<\/th>\n<th>Y (cm)<\/th>\n<th>m\u00b3<\/th>\n<\/tr>\n<\/thead>\n<tbody>\n<tr>\n<td>Tek Kollu Mod\u00fcl<\/td>\n<td>107<\/td>\n<td>120<\/td>\n<td>78<\/td>\n<td>1.00<\/td>\n<\/tr>\n<tr>\n<td>70 cm Mod\u00fcl<\/td>\n<td>107<\/td>\n<td>70<\/td>\n<td>78<\/td>\n<td>0.55<\/td>\n<\/tr>\n<tr>\n<td>K\u00f6\u015fe Mod\u00fcl<\/td>\n<td>107<\/td>\n<td>125<\/td>\n<td>78<\/td>\n<td>1.00<\/td>\n<\/tr>\n<tr>\n<td>90 cm Mod\u00fcl<\/td>\n<td>107<\/td>\n<td>90<\/td>\n<td>78<\/td>\n<td>0.70<\/td>\n<\/tr>\n<tr>\n<td>Relax Mod\u00fcl<\/td>\n<td>167<\/td>\n<td>120<\/td>\n<td>78<\/td>\n<td>1.50<\/td>\n<\/tr>\n<\/tbody>\n<\/table>","protected":false},"featured_media":1024,"template":"","meta":[],"product_cat":[15,20],"product_tag":[],"class_list":["post-1023","product","type-product","status-publish","has-post-thumbnail","hentry","product_cat-sofa-set","product_cat-all"],"yoast_head":"<!-- This site is optimized with the Yoast SEO plugin v19.14 - https:\/\/yoast.com\/wordpress\/plugins\/seo\/ -->\n<title>Range Corner Set - Hitit Koltuk<\/title>\n<meta name=\"robots\" content=\"index, follow, max-snippet:-1, max-image-preview:large, max-video-preview:-1\" \/>\n<link rel=\"canonical\" href=\"https:\/\/hititkoltuk.com\/tr\/urun\/range-corner-set\/\" \/>\n<meta property=\"og:locale\" content=\"tr_TR\" \/>\n<meta property=\"og:type\" content=\"article\" \/>\n<meta property=\"og:title\" content=\"Range Corner Set - Hitit Koltuk\" \/>\n<meta property=\"og:description\" content=\"Module W (cm) L (cm) H (cm) m\u00b3     Single Arm Module 107 120 78 1.00   70 cm Module 107 70 78 0.55   Corner Module 107 125 78 1.00   90 cm Module 107 90 78 0.70   Relax Module 167 120 78 1.50\" \/>\n<meta property=\"og:url\" content=\"https:\/\/hititkoltuk.com\/tr\/urun\/range-corner-set\/\" \/>\n<meta property=\"og:site_name\" content=\"Hitit Koltuk\" \/>\n<meta property=\"article:modified_time\" content=\"2026-02-06T08:08:55+00:00\" \/>\n<meta property=\"og:image\" content=\"https:\/\/hititkoltuk.com\/wp-content\/uploads\/2026\/01\/Fon-9.jpg\" \/>\n\t<meta property=\"og:image:width\" content=\"1600\" \/>\n\t<meta property=\"og:image:height\" content=\"1069\" \/>\n\t<meta property=\"og:image:type\" content=\"image\/jpeg\" \/>\n<meta name=\"twitter:card\" content=\"summary_large_image\" \/>\n<script type=\"application\/ld+json\" class=\"yoast-schema-graph\">{\"@context\":\"https:\/\/schema.org\",\"@graph\":[{\"@type\":\"WebPage\",\"@id\":\"https:\/\/hititkoltuk.com\/product\/range-corner-set\/\",\"url\":\"https:\/\/hititkoltuk.com\/product\/range-corner-set\/\",\"name\":\"Range Corner Set - Hitit Koltuk\",\"isPartOf\":{\"@id\":\"https:\/\/hititkoltuk.com\/#website\"},\"datePublished\":\"2026-01-20T16:50:42+00:00\",\"dateModified\":\"2026-02-06T08:08:55+00:00\",\"breadcrumb\":{\"@id\":\"https:\/\/hititkoltuk.com\/product\/range-corner-set\/#breadcrumb\"},\"inLanguage\":\"tr\",\"potentialAction\":[{\"@type\":\"ReadAction\",\"target\":[\"https:\/\/hititkoltuk.com\/product\/range-corner-set\/\"]}]},{\"@type\":\"BreadcrumbList\",\"@id\":\"https:\/\/hititkoltuk.com\/product\/range-corner-set\/#breadcrumb\",\"itemListElement\":[{\"@type\":\"ListItem\",\"position\":1,\"name\":\"Anasayfa\",\"item\":\"https:\/\/hititkoltuk.com\/\"},{\"@type\":\"ListItem\",\"position\":2,\"name\":\"Products\",\"item\":\"https:\/\/hititkoltuk.com\/products\/\"},{\"@type\":\"ListItem\",\"position\":3,\"name\":\"Range Corner Set\"}]},{\"@type\":\"WebSite\",\"@id\":\"https:\/\/hititkoltuk.com\/#website\",\"url\":\"https:\/\/hititkoltuk.com\/\",\"name\":\"Hitit Koltuk\",\"description\":\"-\",\"potentialAction\":[{\"@type\":\"SearchAction\",\"target\":{\"@type\":\"EntryPoint\",\"urlTemplate\":\"https:\/\/hititkoltuk.com\/?s={search_term_string}\"},\"query-input\":\"required name=search_term_string\"}],\"inLanguage\":\"tr\"}]}<\/script>\n<!-- \/ Yoast SEO plugin. -->","yoast_head_json":{"title":"Range Corner Set - Hitit Koltuk","robots":{"index":"index","follow":"follow","max-snippet":"max-snippet:-1","max-image-preview":"max-image-preview:large","max-video-preview":"max-video-preview:-1"},"canonical":"https:\/\/hititkoltuk.com\/tr\/urun\/range-corner-set\/","og_locale":"tr_TR","og_type":"article","og_title":"Range Corner Set - Hitit Koltuk","og_description":"Module W (cm) L (cm) H (cm) m\u00b3     Single Arm Module 107 120 78 1.00   70 cm Module 107 70 78 0.55   Corner Module 107 125 78 1.00   90 cm Module 107 90 78 0.70   Relax Module 167 120 78 1.50","og_url":"https:\/\/hititkoltuk.com\/tr\/urun\/range-corner-set\/","og_site_name":"Hitit Koltuk","article_modified_time":"2026-02-06T08:08:55+00:00","og_image":[{"width":1600,"height":1069,"url":"https:\/\/hititkoltuk.com\/wp-content\/uploads\/2026\/01\/Fon-9.jpg","type":"image\/jpeg"}],"twitter_card":"summary_large_image","schema":{"@context":"https:\/\/schema.org","@graph":[{"@type":"WebPage","@id":"https:\/\/hititkoltuk.com\/product\/range-corner-set\/","url":"https:\/\/hititkoltuk.com\/product\/range-corner-set\/","name":"Range Corner Set - Hitit Koltuk","isPartOf":{"@id":"https:\/\/hititkoltuk.com\/#website"},"datePublished":"2026-01-20T16:50:42+00:00","dateModified":"2026-02-06T08:08:55+00:00","breadcrumb":{"@id":"https:\/\/hititkoltuk.com\/product\/range-corner-set\/#breadcrumb"},"inLanguage":"tr","potentialAction":[{"@type":"ReadAction","target":["https:\/\/hititkoltuk.com\/product\/range-corner-set\/"]}]},{"@type":"BreadcrumbList","@id":"https:\/\/hititkoltuk.com\/product\/range-corner-set\/#breadcrumb","itemListElement":[{"@type":"ListItem","position":1,"name":"Anasayfa","item":"https:\/\/hititkoltuk.com\/"},{"@type":"ListItem","position":2,"name":"Products","item":"https:\/\/hititkoltuk.com\/products\/"},{"@type":"ListItem","position":3,"name":"Range Corner Set"}]},{"@type":"WebSite","@id":"https:\/\/hititkoltuk.com\/#website","url":"https:\/\/hititkoltuk.com\/","name":"Hitit Koltuk","description":"-","potentialAction":[{"@type":"SearchAction","target":{"@type":"EntryPoint","urlTemplate":"https:\/\/hititkoltuk.com\/?s={search_term_string}"},"query-input":"required name=search_term_string"}],"inLanguage":"tr"}]}},"_links":{"self":[{"href":"https:\/\/hititkoltuk.com\/tr\/wp-json\/wp\/v2\/product\/1023","targetHints":{"allow":["GET"]}}],"collection":[{"href":"https:\/\/hititkoltuk.com\/tr\/wp-json\/wp\/v2\/product"}],"about":[{"href":"https:\/\/hititkoltuk.com\/tr\/wp-json\/wp\/v2\/types\/product"}],"wp:featuredmedia":[{"embeddable":true,"href":"https:\/\/hititkoltuk.com\/tr\/wp-json\/wp\/v2\/media\/1024"}],"wp:attachment":[{"href":"https:\/\/hititkoltuk.com\/tr\/wp-json\/wp\/v2\/media?parent=1023"}],"wp:term":[{"taxonomy":"product_cat","embeddable":true,"href":"https:\/\/hititkoltuk.com\/tr\/wp-json\/wp\/v2\/product_cat?post=1023"},{"taxonomy":"product_tag","embeddable":true,"href":"https:\/\/hititkoltuk.com\/tr\/wp-json\/wp\/v2\/product_tag?post=1023"}],"curies":[{"name":"wp","href":"https:\/\/api.w.org\/{rel}","templated":true}]}}