{"id":285,"date":"2022-10-27T10:18:28","date_gmt":"2022-10-27T07:18:28","guid":{"rendered":"https:\/\/hititkoltuk.com\/?page_id=285"},"modified":"2022-11-02T16:27:04","modified_gmt":"2022-11-02T13:27:04","slug":"insan-kaynaklari","status":"publish","type":"page","link":"https:\/\/hititkoltuk.com\/tr\/insan-kaynaklari\/","title":{"rendered":"\u0130nsan Kaynaklar\u0131"},"content":{"rendered":"<section class=\"wpb-content-wrapper\"><div data-vc-full-width=\"true\" data-vc-full-width-init=\"false\" class=\"vc_row wpb_row vc_row-fluid vc_custom_1667232502995 vc_row-has-fill wd-rs-635ff3024706c\"><div class=\"wpb_column vc_column_container vc_col-sm-12\"><div class=\"vc_column-inner\"><div class=\"wpb_wrapper\"><div id=\"row-form\" class=\"vc_row wpb_row vc_inner vc_row-fluid vc_row-o-content-middle vc_row-flex wd-rs-635a403cd65c7\"><div class=\"wpb_column vc_column_container vc_col-sm-3\"><div class=\"vc_column-inner\"><div class=\"wpb_wrapper\"><\/div><\/div><\/div><div class=\"wpb_column vc_column_container vc_col-sm-6\"><div class=\"vc_column-inner\"><div class=\"wpb_wrapper\">\n\t<div class=\"wpb_text_column wpb_content_element\" >\n\t\t<div class=\"wpb_wrapper\">\n\t\t\t<h2 style=\"text-align: center;\">\u0130nsan Kaynaklar\u0131<\/h2>\n<p style=\"text-align: center;\">\u00c7al\u0131\u015fanlar\u0131m\u0131za huzurlu ve konforlu bir \u00e7al\u0131\u015fma ortam\u0131 sunmak, maddi ve manevi t\u00fcm haklar\u0131na sayg\u0131 duymak \u015firketimizin temel ilkelerindendir.<\/p>\n<p style=\"text-align: center;\"><strong>Y\u00fcksek kaliteli<\/strong> ve yo\u011fun el i\u015f\u00e7ilikli \u00fcr\u00fcnlerimizi \u00fcretirken; her daim, nitelikli personellere ihtiya\u00e7 duymaktay\u0131z.<\/p>\n<p style=\"text-align: center;\">Siz de ekibimize kat\u0131l\u0131p, bu yolculukta de\u011ferli el eme\u011finizle bize e\u015flik etmek isterseniz a\u015fa\u011f\u0131daki formu doldurman\u0131z yeterlidir.<\/p>\n<p style=\"text-align: center;\">En k\u0131sa s\u00fcrede size d\u00f6n\u00fc\u015f sa\u011flayaca\u011f\u0131m\u0131zdan emin olabilirsiniz!<\/p>\n\n\t\t<\/div>\n\t<\/div>\n<\/div><\/div><\/div><div class=\"wpb_column vc_column_container vc_col-sm-3\"><div class=\"vc_column-inner\"><div class=\"wpb_wrapper\"><\/div><\/div><\/div><\/div><\/div><\/div><\/div><\/div><div class=\"vc_row-full-width vc_clearfix\"><\/div><div class=\"vc_row wpb_row vc_row-fluid\"><div class=\"wpb_column vc_column_container vc_col-sm-12\"><div class=\"vc_column-inner\"><div class=\"wpb_wrapper\"><div class=\"vc_row wpb_row vc_inner vc_row-fluid\"><div class=\"wpb_column vc_column_container vc_col-sm-12\"><div class=\"vc_column-inner\"><div class=\"wpb_wrapper\"><div class=\"wpcf7 no-js\" id=\"wpcf7-f302-o1\" lang=\"en-US\" dir=\"ltr\">\n<div class=\"screen-reader-response\"><p role=\"status\" aria-live=\"polite\" aria-atomic=\"true\"><\/p> <ul><\/ul><\/div>\n<form action=\"\/tr\/wp-json\/wp\/v2\/pages\/285#wpcf7-f302-o1\" method=\"post\" class=\"wpcf7-form init\" aria-label=\"Contact form\" enctype=\"multipart\/form-data\" novalidate=\"novalidate\" data-status=\"init\" data-no-translation-aria-label=\"\" data-trp-original-action=\"\/tr\/wp-json\/wp\/v2\/pages\/285#wpcf7-f302-o1\">\n<div style=\"display: none;\">\n<input type=\"hidden\" name=\"_wpcf7\" value=\"302\" \/>\n<input type=\"hidden\" name=\"_wpcf7_version\" value=\"5.7.2\" \/>\n<input type=\"hidden\" name=\"_wpcf7_locale\" value=\"en_US\" \/>\n<input type=\"hidden\" name=\"_wpcf7_unit_tag\" value=\"wpcf7-f302-o1\" \/>\n<input type=\"hidden\" name=\"_wpcf7_container_post\" value=\"0\" \/>\n<input type=\"hidden\" name=\"_wpcf7_posted_data_hash\" value=\"\" \/>\n<input type=\"hidden\" name=\"_wpcf7_recaptcha_response\" value=\"\" \/>\n<\/div>\n<p><label> Ad \/ Soyad<br \/>\n<span class=\"wpcf7-form-control-wrap\" data-name=\"your-name\"><input size=\"40\" class=\"wpcf7-form-control wpcf7-text wpcf7-validates-as-required\" aria-required=\"true\" aria-invalid=\"false\" value=\"\" type=\"text\" name=\"your-name\" \/><\/span> <\/label>\n<\/p>\n<p><label> Do\u011fum Yeri \/ Tarihi<br \/>\n<span class=\"wpcf7-form-control-wrap\" data-name=\"your-dogumyeri\"><input size=\"40\" class=\"wpcf7-form-control wpcf7-text wpcf7-validates-as-required\" aria-required=\"true\" aria-invalid=\"false\" value=\"\" type=\"text\" name=\"your-dogumyeri\" \/><\/span> <\/label>\n<\/p>\n<p><label> Telefon<br \/>\n<span class=\"wpcf7-form-control-wrap\" data-name=\"tel-tel\"><input size=\"40\" class=\"wpcf7-form-control wpcf7-text wpcf7-tel wpcf7-validates-as-required wpcf7-validates-as-tel\" aria-required=\"true\" aria-invalid=\"false\" value=\"\" type=\"tel\" name=\"tel-tel\" \/><\/span> <\/label>\n<\/p>\n<p><label> Varsa Askerlik Durumu<br \/>\n<span class=\"wpcf7-form-control-wrap\" data-name=\"your-askerlik\"><input size=\"40\" class=\"wpcf7-form-control wpcf7-text wpcf7-validates-as-required\" aria-required=\"true\" aria-invalid=\"false\" value=\"\" type=\"text\" name=\"your-askerlik\" \/><\/span> <\/label>\n<\/p>\n<p><label> Medeni Durum<br \/>\n<span class=\"wpcf7-form-control-wrap\" data-name=\"your-medeni\"><input size=\"40\" class=\"wpcf7-form-control wpcf7-text wpcf7-validates-as-required\" aria-required=\"true\" aria-invalid=\"false\" value=\"\" type=\"text\" name=\"your-medeni\" \/><\/span> <\/label>\n<\/p>\n<p><label> Ba\u015fvurmak \u0130stedi\u011finiz Pozisyon<br \/>\n<span class=\"wpcf7-form-control-wrap\" data-name=\"your-pozisyon\"><input size=\"40\" class=\"wpcf7-form-control wpcf7-text wpcf7-validates-as-required\" aria-required=\"true\" aria-invalid=\"false\" value=\"\" type=\"text\" name=\"your-pozisyon\" \/><\/span> <\/label>\n<\/p>\n<p><label> Notlar (\u0130\u015f Tecr\u00fcbeniz ve Kendinizle Alakal\u0131 Notlar Ekleyebilirsiniz)<br \/>\n<span class=\"wpcf7-form-control-wrap\" data-name=\"your-message\"><textarea cols=\"40\" rows=\"10\" class=\"wpcf7-form-control wpcf7-textarea\" aria-invalid=\"false\" name=\"your-message\"><\/textarea><\/span> <\/label>\n<\/p>\n<p><label> Varsa CV'niz<br \/>\n<span class=\"wpcf7-form-control-wrap\" data-name=\"file-186\"><input size=\"40\" class=\"wpcf7-form-control wpcf7-file\" accept=\".jpeg,.png,.pdf,.jpg\" aria-invalid=\"false\" type=\"file\" name=\"file-186\" \/><\/span> <\/label>\n<\/p>\n<span class=\"wpcf7-form-control-wrap recaptcha\" data-name=\"recaptcha\"><span data-sitekey=\"6LenxLYkAAAAAP4qBeBVz10jfJ9eSwrY_8_DtY0w\" class=\"wpcf7-form-control g-recaptcha wpcf7-recaptcha\"><\/span>\r\n<noscript>\r\n\t<div class=\"grecaptcha-noscript\">\r\n\t\t<iframe loading=\"lazy\" src=\"https:\/\/www.google.com\/recaptcha\/api\/fallback?k=6LenxLYkAAAAAP4qBeBVz10jfJ9eSwrY_8_DtY0w\" frameborder=\"0\" scrolling=\"no\" width=\"310\" height=\"430\">\r\n\t\t<\/iframe>\r\n\t\t<textarea name=\"g-recaptcha-response\" rows=\"3\" cols=\"40\" placeholder=\"reCaptcha Response Here\" data-no-translation-placeholder=\"\">\r\n\t\t<\/textarea>\r\n\t<\/div>\r\n<\/noscript>\r\n<\/span>\n<p><input class=\"wpcf7-form-control has-spinner wpcf7-submit\" type=\"submit\" value=\"G\u00f6nder\" \/>\n<\/p><div class=\"wpcf7-response-output\" aria-hidden=\"true\"><\/div><input type=\"hidden\" name=\"trp-form-language\" value=\"tr\"\/><\/form><\/div><\/div><\/div><\/div><\/div><\/div><\/div><\/div><\/div>\n<\/section>","protected":false},"excerpt":{"rendered":"\u0130nsan Kaynaklar\u0131 \u00c7al\u0131\u015fanlar\u0131m\u0131za huzurlu ve konforlu bir \u00e7al\u0131\u015fma ortam\u0131 sunmak, maddi ve manevi t\u00fcm haklar\u0131na sayg\u0131 duymak \u015firketimizin temel ilkelerindendir.","protected":false},"author":1,"featured_media":0,"parent":0,"menu_order":0,"comment_status":"closed","ping_status":"closed","template":"","meta":{"footnotes":""},"class_list":["post-285","page","type-page","status-publish","hentry"],"yoast_head":"<!-- This site is optimized with the Yoast SEO plugin v19.14 - https:\/\/yoast.com\/wordpress\/plugins\/seo\/ -->\n<title>\u0130nsan Kaynaklar\u0131 - Hitit Koltuk<\/title>\n<meta name=\"robots\" content=\"index, follow, max-snippet:-1, max-image-preview:large, max-video-preview:-1\" \/>\n<link rel=\"canonical\" href=\"https:\/\/hititkoltuk.com\/tr\/insan-kaynaklari\/\" \/>\n<meta property=\"og:locale\" content=\"tr_TR\" \/>\n<meta property=\"og:type\" content=\"article\" \/>\n<meta property=\"og:title\" content=\"\u0130nsan Kaynaklar\u0131 - Hitit Koltuk\" \/>\n<meta property=\"og:url\" content=\"https:\/\/hititkoltuk.com\/tr\/insan-kaynaklari\/\" \/>\n<meta property=\"og:site_name\" content=\"Hitit Koltuk\" \/>\n<meta property=\"article:modified_time\" content=\"2022-11-02T13:27:04+00:00\" \/>\n<meta name=\"twitter:card\" content=\"summary_large_image\" \/>\n<meta name=\"twitter:label1\" content=\"Tahmini okuma s\u00fcresi\" \/>\n\t<meta name=\"twitter:data1\" content=\"1 dakika\" \/>\n<script type=\"application\/ld+json\" class=\"yoast-schema-graph\">{\"@context\":\"https:\/\/schema.org\",\"@graph\":[{\"@type\":\"WebPage\",\"@id\":\"https:\/\/hititkoltuk.com\/insan-kaynaklari\/\",\"url\":\"https:\/\/hititkoltuk.com\/insan-kaynaklari\/\",\"name\":\"\u0130nsan Kaynaklar\u0131 - Hitit Koltuk\",\"isPartOf\":{\"@id\":\"https:\/\/hititkoltuk.com\/#website\"},\"datePublished\":\"2022-10-27T07:18:28+00:00\",\"dateModified\":\"2022-11-02T13:27:04+00:00\",\"breadcrumb\":{\"@id\":\"https:\/\/hititkoltuk.com\/insan-kaynaklari\/#breadcrumb\"},\"inLanguage\":\"tr\",\"potentialAction\":[{\"@type\":\"ReadAction\",\"target\":[\"https:\/\/hititkoltuk.com\/insan-kaynaklari\/\"]}]},{\"@type\":\"BreadcrumbList\",\"@id\":\"https:\/\/hititkoltuk.com\/insan-kaynaklari\/#breadcrumb\",\"itemListElement\":[{\"@type\":\"ListItem\",\"position\":1,\"name\":\"Anasayfa\",\"item\":\"https:\/\/hititkoltuk.com\/\"},{\"@type\":\"ListItem\",\"position\":2,\"name\":\"\u0130nsan Kaynaklar\u0131\"}]},{\"@type\":\"WebSite\",\"@id\":\"https:\/\/hititkoltuk.com\/#website\",\"url\":\"https:\/\/hititkoltuk.com\/\",\"name\":\"Hitit Koltuk\",\"description\":\"-\",\"potentialAction\":[{\"@type\":\"SearchAction\",\"target\":{\"@type\":\"EntryPoint\",\"urlTemplate\":\"https:\/\/hititkoltuk.com\/?s={search_term_string}\"},\"query-input\":\"required name=search_term_string\"}],\"inLanguage\":\"tr\"}]}<\/script>\n<!-- \/ Yoast SEO plugin. -->","yoast_head_json":{"title":"\u0130nsan Kaynaklar\u0131 - Hitit Koltuk","robots":{"index":"index","follow":"follow","max-snippet":"max-snippet:-1","max-image-preview":"max-image-preview:large","max-video-preview":"max-video-preview:-1"},"canonical":"https:\/\/hititkoltuk.com\/tr\/insan-kaynaklari\/","og_locale":"tr_TR","og_type":"article","og_title":"\u0130nsan Kaynaklar\u0131 - Hitit Koltuk","og_url":"https:\/\/hititkoltuk.com\/tr\/insan-kaynaklari\/","og_site_name":"Hitit Koltuk","article_modified_time":"2022-11-02T13:27:04+00:00","twitter_card":"summary_large_image","twitter_misc":{"Tahmini okuma s\u00fcresi":"1 dakika"},"schema":{"@context":"https:\/\/schema.org","@graph":[{"@type":"WebPage","@id":"https:\/\/hititkoltuk.com\/insan-kaynaklari\/","url":"https:\/\/hititkoltuk.com\/insan-kaynaklari\/","name":"\u0130nsan Kaynaklar\u0131 - Hitit Koltuk","isPartOf":{"@id":"https:\/\/hititkoltuk.com\/#website"},"datePublished":"2022-10-27T07:18:28+00:00","dateModified":"2022-11-02T13:27:04+00:00","breadcrumb":{"@id":"https:\/\/hititkoltuk.com\/insan-kaynaklari\/#breadcrumb"},"inLanguage":"tr","potentialAction":[{"@type":"ReadAction","target":["https:\/\/hititkoltuk.com\/insan-kaynaklari\/"]}]},{"@type":"BreadcrumbList","@id":"https:\/\/hititkoltuk.com\/insan-kaynaklari\/#breadcrumb","itemListElement":[{"@type":"ListItem","position":1,"name":"Anasayfa","item":"https:\/\/hititkoltuk.com\/"},{"@type":"ListItem","position":2,"name":"\u0130nsan Kaynaklar\u0131"}]},{"@type":"WebSite","@id":"https:\/\/hititkoltuk.com\/#website","url":"https:\/\/hititkoltuk.com\/","name":"Hitit Koltuk","description":"-","potentialAction":[{"@type":"SearchAction","target":{"@type":"EntryPoint","urlTemplate":"https:\/\/hititkoltuk.com\/?s={search_term_string}"},"query-input":"required name=search_term_string"}],"inLanguage":"tr"}]}},"_links":{"self":[{"href":"https:\/\/hititkoltuk.com\/tr\/wp-json\/wp\/v2\/pages\/285","targetHints":{"allow":["GET"]}}],"collection":[{"href":"https:\/\/hititkoltuk.com\/tr\/wp-json\/wp\/v2\/pages"}],"about":[{"href":"https:\/\/hititkoltuk.com\/tr\/wp-json\/wp\/v2\/types\/page"}],"author":[{"embeddable":true,"href":"https:\/\/hititkoltuk.com\/tr\/wp-json\/wp\/v2\/users\/1"}],"replies":[{"embeddable":true,"href":"https:\/\/hititkoltuk.com\/tr\/wp-json\/wp\/v2\/comments?post=285"}],"version-history":[{"count":9,"href":"https:\/\/hititkoltuk.com\/tr\/wp-json\/wp\/v2\/pages\/285\/revisions"}],"predecessor-version":[{"id":378,"href":"https:\/\/hititkoltuk.com\/tr\/wp-json\/wp\/v2\/pages\/285\/revisions\/378"}],"wp:attachment":[{"href":"https:\/\/hititkoltuk.com\/tr\/wp-json\/wp\/v2\/media?parent=285"}],"curies":[{"name":"wp","href":"https:\/\/api.w.org\/{rel}","templated":true}]}}