{"id":161,"date":"2022-10-18T22:53:08","date_gmt":"2022-10-18T19:53:08","guid":{"rendered":"http:\/\/localhost\/hitit\/?page_id=161"},"modified":"2022-10-31T20:12:23","modified_gmt":"2022-10-31T17:12:23","slug":"about-us","status":"publish","type":"page","link":"https:\/\/hititkoltuk.com\/tr\/about-us\/","title":{"rendered":"Hakk\u0131m\u0131zda"},"content":{"rendered":"<section class=\"wpb-content-wrapper\"><div id=\"row-about\" class=\"vc_row wpb_row vc_row-fluid vc_row-o-content-middle vc_row-flex wd-rs-634f0caff0c7e\"><div class=\"wpb_column vc_column_container vc_col-sm-6\"><div class=\"vc_column-inner\"><div class=\"wpb_wrapper\">\n\t<div class=\"wpb_text_column wpb_content_element\" >\n\t\t<div class=\"wpb_wrapper\">\n\t\t\t<h2>Hakk\u0131m\u0131zda<\/h2>\n<p>1955 y\u0131l\u0131nda kurulan \u015firketimizde d\u00f6rd\u00fcnc\u00fc ku\u015fak olarak dayan\u0131kl\u0131 ve uzun \u00f6m\u00fcrl\u00fc \u00fcr\u00fcn \u00fcretim prensibimizden \u00f6d\u00fcn vermeden her d\u00f6nem ayn\u0131 kararl\u0131l\u0131kla evlerinize konforu ve g\u00fcncel \u015f\u0131kl\u0131\u011f\u0131 getirmeyi ama\u00e7l\u0131yoruz.<\/p>\n<p>Kuruldu\u011fumuz ilk g\u00fcnden bu g\u00fcne dek; birinci s\u0131n\u0131f ham madde kullan\u0131m\u0131, \u00fcretimde teknolojik adaptasyon, kullan\u0131\u015fl\u0131l\u0131k, s\u00fcrd\u00fcr\u00fclebilirlik; \u00e7al\u0131\u015fanlar\u0131m\u0131z\u0131n, m\u00fc\u015fterilerimizin ve tedarik\u00e7ilerimizin de\u011ferli haklar\u0131na sayg\u0131 temel ilkelerimizdir.<\/p>\n<p>Misyonumuz; \u00f6zg\u00fcn tasar\u0131ml\u0131, konforlu ve fonksiyonel \u00fcr\u00fcnler \u00fcretmektir.<\/p>\n<p>Vizyonumuz, 2030 y\u0131l\u0131na kadar d\u00fcnyan\u0131n her \u00fclkesinde bir bayi olu\u015fturmakt\u0131r.<\/p>\n<p>Birg\u00fcn sizin de huzurlu yuvan\u0131za konuk olabilmek dile\u011fiyle...<\/p>\n\n\t\t<\/div>\n\t<\/div>\n<\/div><\/div><\/div><div class=\"wpb_column vc_column_container vc_col-sm-6\"><div class=\"vc_column-inner\"><div class=\"wpb_wrapper\">\n\t<div  class=\"wpb_single_image wpb_content_element vc_align_center\">\n\t\t\n\t\t<figure class=\"wpb_wrapper vc_figure\">\n\t\t\t<div class=\"vc_single_image-wrapper   vc_box_border_grey\"><img loading=\"lazy\" decoding=\"async\" width=\"849\" height=\"692\" src=\"data:image\/jpg;base64,\/9j\/4AAQSkZJRgABAQAAAQABAAD\/7QB8UGhvdG9zaG9wIDMuMAA4QklNBAQAAAAAAGAcAigAWkZCTUQyMzAwMDk2NDAxMDAwMDg4MjQwMDAwYWEyNDAwMDAwNDI1MDAwMDAxOGMwMDAwNjZjMTAwMDAzMWVjMDAwMDg3MjkwMTAwMTE1ZjAxMDA0MjkyMDEwMAD\/2wBDAAYEBAUEBAYFBQUGBgYHCQ4JCQgICRINDQoOFRIWFhUSFBQXGiEcFxgfGRQUHScdHyIjJSUlFhwpLCgkKyEkJST\/wAALCAAKAA0BAREA\/8QAFgABAQEAAAAAAAAAAAAAAAAACAUH\/8QAJRAAAgEDAwIHAAAAAAAAAAAAAQIDAAQRBQYHEmETISIxMoHB\/9oACAEBAAA\/AKXJm4ItwIJZNJ1Cxn06Jg6T2pbrY+eFIPasevZGS4bB1LBAx4AUD79P7SN55uJrbZFy0EskTF0BKMVPy7UW7SeWOSUpK6liM4YjPvX\/2Q==\" class=\"vc_single_image-img attachment-full wd-lazy-load woodmart-lazy-load wd-lazy-none\" alt=\"\" title=\"hitit-moble\" srcset=\"\" sizes=\"auto, (max-width: 849px) 100vw, 849px\" data-wood-src=\"https:\/\/hititkoltuk.com\/wp-content\/uploads\/2022\/10\/hitit-moble.jpg\" data-srcset=\"https:\/\/hititkoltuk.com\/wp-content\/uploads\/2022\/10\/hitit-moble.jpg 849w, https:\/\/hititkoltuk.com\/wp-content\/uploads\/2022\/10\/hitit-moble-175x143.jpg 175w, https:\/\/hititkoltuk.com\/wp-content\/uploads\/2022\/10\/hitit-moble-800x652.jpg 800w, https:\/\/hititkoltuk.com\/wp-content\/uploads\/2022\/10\/hitit-moble-300x245.jpg 300w, https:\/\/hititkoltuk.com\/wp-content\/uploads\/2022\/10\/hitit-moble-768x626.jpg 768w\" \/><\/div>\n\t\t<\/figure>\n\t<\/div>\n<\/div><\/div><\/div><\/div>\n<\/section>","protected":false},"excerpt":{"rendered":"About Us As the fourth generations of our company, founded in 1955, with the same determination on each period we","protected":false},"author":1,"featured_media":0,"parent":0,"menu_order":0,"comment_status":"closed","ping_status":"closed","template":"","meta":{"footnotes":""},"class_list":["post-161","page","type-page","status-publish","hentry"],"yoast_head":"<!-- This site is optimized with the Yoast SEO plugin v19.14 - https:\/\/yoast.com\/wordpress\/plugins\/seo\/ -->\n<title>About Us - Hitit Koltuk<\/title>\n<meta name=\"robots\" content=\"index, follow, max-snippet:-1, max-image-preview:large, max-video-preview:-1\" \/>\n<link rel=\"canonical\" href=\"https:\/\/hititkoltuk.com\/tr\/about-us\/\" \/>\n<meta property=\"og:locale\" content=\"tr_TR\" \/>\n<meta property=\"og:type\" content=\"article\" \/>\n<meta property=\"og:title\" content=\"About Us - Hitit Koltuk\" \/>\n<meta property=\"og:url\" content=\"https:\/\/hititkoltuk.com\/tr\/about-us\/\" \/>\n<meta property=\"og:site_name\" content=\"Hitit Koltuk\" \/>\n<meta property=\"article:modified_time\" content=\"2022-10-31T17:12:23+00:00\" \/>\n<meta name=\"twitter:card\" content=\"summary_large_image\" \/>\n<meta name=\"twitter:label1\" content=\"Tahmini okuma s\u00fcresi\" \/>\n\t<meta name=\"twitter:data1\" content=\"1 dakika\" \/>\n<script type=\"application\/ld+json\" class=\"yoast-schema-graph\">{\"@context\":\"https:\/\/schema.org\",\"@graph\":[{\"@type\":\"WebPage\",\"@id\":\"https:\/\/hititkoltuk.com\/about-us\/\",\"url\":\"https:\/\/hititkoltuk.com\/about-us\/\",\"name\":\"About Us - Hitit Koltuk\",\"isPartOf\":{\"@id\":\"https:\/\/hititkoltuk.com\/#website\"},\"datePublished\":\"2022-10-18T19:53:08+00:00\",\"dateModified\":\"2022-10-31T17:12:23+00:00\",\"breadcrumb\":{\"@id\":\"https:\/\/hititkoltuk.com\/about-us\/#breadcrumb\"},\"inLanguage\":\"tr\",\"potentialAction\":[{\"@type\":\"ReadAction\",\"target\":[\"https:\/\/hititkoltuk.com\/about-us\/\"]}]},{\"@type\":\"BreadcrumbList\",\"@id\":\"https:\/\/hititkoltuk.com\/about-us\/#breadcrumb\",\"itemListElement\":[{\"@type\":\"ListItem\",\"position\":1,\"name\":\"Anasayfa\",\"item\":\"https:\/\/hititkoltuk.com\/\"},{\"@type\":\"ListItem\",\"position\":2,\"name\":\"About Us\"}]},{\"@type\":\"WebSite\",\"@id\":\"https:\/\/hititkoltuk.com\/#website\",\"url\":\"https:\/\/hititkoltuk.com\/\",\"name\":\"Hitit Koltuk\",\"description\":\"-\",\"potentialAction\":[{\"@type\":\"SearchAction\",\"target\":{\"@type\":\"EntryPoint\",\"urlTemplate\":\"https:\/\/hititkoltuk.com\/?s={search_term_string}\"},\"query-input\":\"required name=search_term_string\"}],\"inLanguage\":\"tr\"}]}<\/script>\n<!-- \/ Yoast SEO plugin. -->","yoast_head_json":{"title":"About Us - Hitit Koltuk","robots":{"index":"index","follow":"follow","max-snippet":"max-snippet:-1","max-image-preview":"max-image-preview:large","max-video-preview":"max-video-preview:-1"},"canonical":"https:\/\/hititkoltuk.com\/tr\/about-us\/","og_locale":"tr_TR","og_type":"article","og_title":"About Us - Hitit Koltuk","og_url":"https:\/\/hititkoltuk.com\/tr\/about-us\/","og_site_name":"Hitit Koltuk","article_modified_time":"2022-10-31T17:12:23+00:00","twitter_card":"summary_large_image","twitter_misc":{"Tahmini okuma s\u00fcresi":"1 dakika"},"schema":{"@context":"https:\/\/schema.org","@graph":[{"@type":"WebPage","@id":"https:\/\/hititkoltuk.com\/about-us\/","url":"https:\/\/hititkoltuk.com\/about-us\/","name":"About Us - Hitit Koltuk","isPartOf":{"@id":"https:\/\/hititkoltuk.com\/#website"},"datePublished":"2022-10-18T19:53:08+00:00","dateModified":"2022-10-31T17:12:23+00:00","breadcrumb":{"@id":"https:\/\/hititkoltuk.com\/about-us\/#breadcrumb"},"inLanguage":"tr","potentialAction":[{"@type":"ReadAction","target":["https:\/\/hititkoltuk.com\/about-us\/"]}]},{"@type":"BreadcrumbList","@id":"https:\/\/hititkoltuk.com\/about-us\/#breadcrumb","itemListElement":[{"@type":"ListItem","position":1,"name":"Anasayfa","item":"https:\/\/hititkoltuk.com\/"},{"@type":"ListItem","position":2,"name":"About Us"}]},{"@type":"WebSite","@id":"https:\/\/hititkoltuk.com\/#website","url":"https:\/\/hititkoltuk.com\/","name":"Hitit Koltuk","description":"-","potentialAction":[{"@type":"SearchAction","target":{"@type":"EntryPoint","urlTemplate":"https:\/\/hititkoltuk.com\/?s={search_term_string}"},"query-input":"required name=search_term_string"}],"inLanguage":"tr"}]}},"_links":{"self":[{"href":"https:\/\/hititkoltuk.com\/tr\/wp-json\/wp\/v2\/pages\/161","targetHints":{"allow":["GET"]}}],"collection":[{"href":"https:\/\/hititkoltuk.com\/tr\/wp-json\/wp\/v2\/pages"}],"about":[{"href":"https:\/\/hititkoltuk.com\/tr\/wp-json\/wp\/v2\/types\/page"}],"author":[{"embeddable":true,"href":"https:\/\/hititkoltuk.com\/tr\/wp-json\/wp\/v2\/users\/1"}],"replies":[{"embeddable":true,"href":"https:\/\/hititkoltuk.com\/tr\/wp-json\/wp\/v2\/comments?post=161"}],"version-history":[{"count":8,"href":"https:\/\/hititkoltuk.com\/tr\/wp-json\/wp\/v2\/pages\/161\/revisions"}],"predecessor-version":[{"id":282,"href":"https:\/\/hititkoltuk.com\/tr\/wp-json\/wp\/v2\/pages\/161\/revisions\/282"}],"wp:attachment":[{"href":"https:\/\/hititkoltuk.com\/tr\/wp-json\/wp\/v2\/media?parent=161"}],"curies":[{"name":"wp","href":"https:\/\/api.w.org\/{rel}","templated":true}]}}